{"id":18,"date":"2024-10-07T12:43:30","date_gmt":"2024-10-07T04:43:30","guid":{"rendered":"http:\/\/demo12.nmc10000011.cn\/?page_id=18"},"modified":"2024-12-01T19:24:47","modified_gmt":"2024-12-01T11:24:47","slug":"about","status":"publish","type":"page","link":"https:\/\/glorichemical.com\/es\/about\/","title":{"rendered":"Acerca de"},"content":{"rendered":"<div data-elementor-type=\"wp-page\" data-elementor-id=\"18\" class=\"elementor elementor-18\" data-elementor-post-type=\"page\">\n\t\t\t\t<div class=\"elementor-element elementor-element-37f88ffc e-con-full e-flex e-con e-parent\" data-id=\"37f88ffc\" data-element_type=\"container\" data-e-type=\"container\" data-settings=\"{&quot;background_background&quot;:&quot;classic&quot;}\">\n\t\t<div class=\"elementor-element elementor-element-b03bd8e e-flex e-con-boxed e-con e-child\" data-id=\"b03bd8e\" data-element_type=\"container\" data-e-type=\"container\">\n\t\t\t\t\t<div class=\"e-con-inner\">\n\t\t\t\t<div class=\"elementor-element elementor-element-62d8bcfc elementor-widget elementor-widget-heading\" data-id=\"62d8bcfc\" data-element_type=\"widget\" data-e-type=\"widget\" data-widget_type=\"heading.default\">\n\t\t\t\t<div class=\"elementor-widget-container\">\n\t\t\t\t\t<h2 class=\"elementor-heading-title elementor-size-default\">SOBRE NOSOTROS<\/h2>\t\t\t\t<\/div>\n\t\t\t\t<\/div>\n\t\t\t\t\t<\/div>\n\t\t\t\t<\/div>\n\t\t<div class=\"elementor-element elementor-element-7fe487d e-flex e-con-boxed e-con e-child\" data-id=\"7fe487d\" data-element_type=\"container\" data-e-type=\"container\">\n\t\t\t\t\t<div class=\"e-con-inner\">\n\t\t\t\t<div class=\"elementor-element elementor-element-6bb5d3a8 elementor-widget-divider--view-line elementor-widget elementor-widget-divider\" data-id=\"6bb5d3a8\" data-element_type=\"widget\" data-e-type=\"widget\" data-widget_type=\"divider.default\">\n\t\t\t\t<div class=\"elementor-widget-container\">\n\t\t\t\t\t\t\t<div class=\"elementor-divider\">\n\t\t\t<span class=\"elementor-divider-separator\">\n\t\t\t\t\t\t<\/span>\n\t\t<\/div>\n\t\t\t\t\t\t<\/div>\n\t\t\t\t<\/div>\n\t\t\t\t\t<\/div>\n\t\t\t\t<\/div>\n\t\t<div class=\"elementor-element elementor-element-72e41678 e-flex e-con-boxed e-con e-child\" data-id=\"72e41678\" data-element_type=\"container\" data-e-type=\"container\">\n\t\t\t\t\t<div class=\"e-con-inner\">\n\t\t\t\t<div class=\"elementor-element elementor-element-1776322e elementor-widget elementor-widget-text-editor\" data-id=\"1776322e\" data-element_type=\"widget\" data-e-type=\"widget\" data-widget_type=\"text-editor.default\">\n\t\t\t\t<div class=\"elementor-widget-container\">\n\t\t\t\t\t\t\t\t\tModelar el futuro de la qu\u00edmica con innovaci\u00f3n y excelencia\t\t\t\t\t\t\t\t<\/div>\n\t\t\t\t<\/div>\n\t\t\t\t\t<\/div>\n\t\t\t\t<\/div>\n\t\t\t\t<\/div>\n\t\t<div class=\"elementor-element elementor-element-b0ca5f3 e-flex e-con-boxed e-con e-parent\" data-id=\"b0ca5f3\" data-element_type=\"container\" data-e-type=\"container\">\n\t\t\t\t\t<div class=\"e-con-inner\">\n\t\t\t\t<div class=\"elementor-element elementor-element-8e0b37a elementor-widget elementor-widget-heading\" data-id=\"8e0b37a\" data-element_type=\"widget\" data-e-type=\"widget\" data-widget_type=\"heading.default\">\n\t\t\t\t<div class=\"elementor-widget-container\">\n\t\t\t\t\t<h2 class=\"elementor-heading-title elementor-size-default\">Perfil de la empresa<\/h2>\t\t\t\t<\/div>\n\t\t\t\t<\/div>\n\t\t<div class=\"elementor-element elementor-element-164a583 e-con-full e-flex e-con e-child\" data-id=\"164a583\" data-element_type=\"container\" data-e-type=\"container\">\n\t\t<div class=\"elementor-element elementor-element-a404127 e-con-full e-flex e-con e-child\" data-id=\"a404127\" data-element_type=\"container\" data-e-type=\"container\">\n\t\t<div class=\"elementor-element elementor-element-1f7e05b e-con-full e-flex e-con e-child\" data-id=\"1f7e05b\" data-element_type=\"container\" data-e-type=\"container\">\n\t\t\t\t<div class=\"elementor-element elementor-element-7758a2f elementor-widget elementor-widget-text-editor\" data-id=\"7758a2f\" data-element_type=\"widget\" data-e-type=\"widget\" data-widget_type=\"text-editor.default\">\n\t\t\t\t<div class=\"elementor-widget-container\">\n\t\t\t\t\t\t\t\t\t<p>Glori Chemical Co., Ltd. es una empresa profesional que integra I+D, producci\u00f3n y venta de productos qu\u00edmicos innovadores. La empresa cuenta con un equipo de m\u00e1s de 30 profesionales cualificados, incluidos 5 doctores y 10 posgraduados, con una superficie total de laboratorio que supera los 3.200 metros cuadrados. Estamos especializados en la investigaci\u00f3n y producci\u00f3n de qu\u00edmica fina, y nuestra l\u00ednea de productos abarca campos clave como productos farmac\u00e9uticos, agroqu\u00edmicos, tintes, aditivos industriales y materiales de gama alta. Nos dedicamos a ofrecer soluciones qu\u00edmicas de alta calidad a clientes de todo el mundo.<\/p>\t\t\t\t\t\t\t\t<\/div>\n\t\t\t\t<\/div>\n\t\t\t\t<\/div>\n\t\t\t\t<\/div>\n\t\t<div class=\"elementor-element elementor-element-355bfdf e-con-full e-flex e-con e-child\" data-id=\"355bfdf\" data-element_type=\"container\" data-e-type=\"container\">\n\t\t<div class=\"elementor-element elementor-element-83e7381 e-con-full e-flex e-con e-child\" data-id=\"83e7381\" data-element_type=\"container\" data-e-type=\"container\">\n\t\t\t\t<div class=\"elementor-element elementor-element-dffbaf3 elementor-widget elementor-widget-image\" data-id=\"dffbaf3\" data-element_type=\"widget\" data-e-type=\"widget\" data-widget_type=\"image.default\">\n\t\t\t\t<div class=\"elementor-widget-container\">\n\t\t\t\t\t\t\t\t\t\t\t\t\t\t\t<img fetchpriority=\"high\" decoding=\"async\" width=\"800\" height=\"450\" src=\"https:\/\/glorichemical.com\/wp-content\/uploads\/2024\/12\/\u5fae\u4fe1\u56fe\u7247_20241201191656.jpg\" class=\"attachment-large size-large wp-image-3439\" alt=\"\" srcset=\"https:\/\/glorichemical.com\/wp-content\/uploads\/2024\/12\/\u5fae\u4fe1\u56fe\u7247_20241201191656.jpg 800w, https:\/\/glorichemical.com\/wp-content\/uploads\/2024\/12\/\u5fae\u4fe1\u56fe\u7247_20241201191656-300x169.jpg 300w, https:\/\/glorichemical.com\/wp-content\/uploads\/2024\/12\/\u5fae\u4fe1\u56fe\u7247_20241201191656-768x432.jpg 768w, https:\/\/glorichemical.com\/wp-content\/uploads\/2024\/12\/\u5fae\u4fe1\u56fe\u7247_20241201191656-18x10.jpg 18w, https:\/\/glorichemical.com\/wp-content\/uploads\/2024\/12\/\u5fae\u4fe1\u56fe\u7247_20241201191656-600x338.jpg 600w\" sizes=\"(max-width: 800px) 100vw, 800px\" \/>\t\t\t\t\t\t\t\t\t\t\t\t\t\t\t<\/div>\n\t\t\t\t<\/div>\n\t\t\t\t<\/div>\n\t\t\t\t<\/div>\n\t\t\t\t<\/div>\n\t\t\t\t\t<\/div>\n\t\t\t\t<\/div>\n\t\t<div class=\"elementor-element elementor-element-209d65d e-flex e-con-boxed e-con e-parent\" data-id=\"209d65d\" data-element_type=\"container\" data-e-type=\"container\" data-settings=\"{&quot;background_background&quot;:&quot;classic&quot;}\">\n\t\t\t\t\t<div class=\"e-con-inner\">\n\t\t<div class=\"elementor-element elementor-element-f027471 e-con-full e-flex e-con e-child\" data-id=\"f027471\" data-element_type=\"container\" data-e-type=\"container\">\n\t\t\t\t<div class=\"elementor-element elementor-element-531347d elementor-widget elementor-widget-text-editor\" data-id=\"531347d\" data-element_type=\"widget\" data-e-type=\"widget\" data-widget_type=\"text-editor.default\">\n\t\t\t\t<div class=\"elementor-widget-container\">\n\t\t\t\t\t\t\t\t\t<p>Con la creciente atenci\u00f3n prestada a la salud medioambiental, nuestra empresa ha priorizado constantemente la innovaci\u00f3n y el desarrollo de materiales qu\u00edmicos. En los \u00faltimos a\u00f1os, nos hemos dedicado a expandirnos hacia nuevos campos de materiales y hemos establecido un equipo de I+D, logrando un importante reconocimiento, especialmente en los campos de<strong><b>\u00a0productos farmac\u00e9uticos, agroqu\u00edmicos y materiales de \u00e1cido oleico<\/b><\/strong>.<\/p>\t\t\t\t\t\t\t\t<\/div>\n\t\t\t\t<\/div>\n\t\t\t\t<\/div>\n\t\t\t\t\t<\/div>\n\t\t\t\t<\/div>\n\t\t<div class=\"elementor-element elementor-element-400a9e7 e-flex e-con-boxed e-con e-parent\" data-id=\"400a9e7\" data-element_type=\"container\" data-e-type=\"container\">\n\t\t\t\t\t<div class=\"e-con-inner\">\n\t\t<div class=\"elementor-element elementor-element-f71f92e e-con-full e-flex e-con e-child\" data-id=\"f71f92e\" data-element_type=\"container\" data-e-type=\"container\">\n\t\t<div class=\"elementor-element elementor-element-7f8411e e-con-full e-flex e-con e-child\" data-id=\"7f8411e\" data-element_type=\"container\" data-e-type=\"container\">\n\t\t<div class=\"elementor-element elementor-element-f9b6fd2 e-con-full e-flex e-con e-child\" data-id=\"f9b6fd2\" data-element_type=\"container\" data-e-type=\"container\">\n\t\t\t\t<div class=\"elementor-element elementor-element-aadc0e5 elementor-widget elementor-widget-image\" data-id=\"aadc0e5\" data-element_type=\"widget\" data-e-type=\"widget\" data-widget_type=\"image.default\">\n\t\t\t\t<div class=\"elementor-widget-container\">\n\t\t\t\t\t\t\t\t\t\t\t\t\t\t\t<img decoding=\"async\" width=\"800\" height=\"450\" src=\"https:\/\/glorichemical.com\/wp-content\/uploads\/2024\/12\/\u5fae\u4fe1\u56fe\u7247_20241201191701.jpg\" class=\"attachment-large size-large wp-image-3440\" alt=\"\" srcset=\"https:\/\/glorichemical.com\/wp-content\/uploads\/2024\/12\/\u5fae\u4fe1\u56fe\u7247_20241201191701.jpg 800w, https:\/\/glorichemical.com\/wp-content\/uploads\/2024\/12\/\u5fae\u4fe1\u56fe\u7247_20241201191701-300x169.jpg 300w, https:\/\/glorichemical.com\/wp-content\/uploads\/2024\/12\/\u5fae\u4fe1\u56fe\u7247_20241201191701-768x432.jpg 768w, https:\/\/glorichemical.com\/wp-content\/uploads\/2024\/12\/\u5fae\u4fe1\u56fe\u7247_20241201191701-18x10.jpg 18w, https:\/\/glorichemical.com\/wp-content\/uploads\/2024\/12\/\u5fae\u4fe1\u56fe\u7247_20241201191701-600x338.jpg 600w\" sizes=\"(max-width: 800px) 100vw, 800px\" \/>\t\t\t\t\t\t\t\t\t\t\t\t\t\t\t<\/div>\n\t\t\t\t<\/div>\n\t\t\t\t<\/div>\n\t\t\t\t<\/div>\n\t\t<div class=\"elementor-element elementor-element-9695eb4 e-con-full e-flex e-con e-child\" data-id=\"9695eb4\" data-element_type=\"container\" data-e-type=\"container\">\n\t\t<div class=\"elementor-element elementor-element-9ef049f e-con-full e-flex e-con e-child\" data-id=\"9ef049f\" data-element_type=\"container\" data-e-type=\"container\">\n\t\t\t\t<div class=\"elementor-element elementor-element-15b9143 elementor-widget elementor-widget-text-editor\" data-id=\"15b9143\" data-element_type=\"widget\" data-e-type=\"widget\" data-widget_type=\"text-editor.default\">\n\t\t\t\t<div class=\"elementor-widget-container\">\n\t\t\t\t\t\t\t\t\t<p>Glori Chemical es una empresa dedicada a la fabricaci\u00f3n especializada en productos qu\u00edmicos de alta calidad. Con instalaciones de producci\u00f3n avanzadas y un equipo cualificado, nos comprometemos a ofrecer soluciones fiables e innovadoras para satisfacer las necesidades de nuestros clientes de todo el mundo.<\/p><p>Como fabricantes, aseguramos un estricto control de calidad en todas las fases de producci\u00f3n, desde las materias primas hasta los productos acabados, garantizando la coherencia y la excelencia. No solo nos centramos en la fabricaci\u00f3n, sino tambi\u00e9n en establecer relaciones s\u00f3lidas y duraderas con nuestros clientes, ofreci\u00e9ndoles soluciones a medida y un servicio excepcional.<\/p><p>Agradecemos la confianza y el apoyo de nuestros clientes a lo largo de los a\u00f1os. GloriChemical se compromete a ser su socio m\u00e1s fiable ofreci\u00e9ndole productos de la m\u00e1xima calidad, un servicio profesional y un enfoque centrado en el cliente. Juntos, aspiramos a lograr un crecimiento y un \u00e9xito sostenibles.<\/p>\t\t\t\t\t\t\t\t<\/div>\n\t\t\t\t<\/div>\n\t\t\t\t<\/div>\n\t\t\t\t<\/div>\n\t\t\t\t<\/div>\n\t\t\t\t\t<\/div>\n\t\t\t\t<\/div>\n\t\t\t\t<\/div>","protected":false},"excerpt":{"rendered":"<p>ABOUT US Shaping the Future of Chemistry with Innovation and Excellence Company Profile Glori Chemical Co., Ltd. is a professional enterprise integrating R&amp;D, production, and sales of innovative chemical products. The company has a team of over 30 skilled professionals, including 5 PhDs and 10 postgraduates, with a total laboratory area exceeding 3,200 square meters. [&hellip;]<\/p>","protected":false},"author":1,"featured_media":0,"parent":0,"menu_order":0,"comment_status":"closed","ping_status":"closed","template":"elementor_header_footer","meta":{"footnotes":""},"class_list":["post-18","page","type-page","status-publish","hentry"],"yoast_head":"<!-- This site is optimized with the Yoast SEO Premium plugin v23.4 (Yoast SEO v27.4) - https:\/\/yoast.com\/product\/yoast-seo-premium-wordpress\/ -->\n<title>About Pharmaceutical intermediates-Pesticide Intermediates-Cosmetics raw materials-Shandong Glori Chemical Co.,Ltd<\/title>\n<meta name=\"robots\" content=\"index, follow, max-snippet:-1, max-image-preview:large, max-video-preview:-1\" \/>\n<link rel=\"canonical\" href=\"https:\/\/glorichemical.com\/es\/about\/\" \/>\n<meta property=\"og:locale\" content=\"es_ES\" \/>\n<meta property=\"og:type\" content=\"article\" \/>\n<meta property=\"og:title\" content=\"About\" \/>\n<meta property=\"og:description\" content=\"ABOUT US Shaping the Future of Chemistry with Innovation and Excellence Company Profile Glori Chemical Co., Ltd. is a professional enterprise integrating R&amp;D, production, and sales of innovative chemical products. The company has a team of over 30 skilled professionals, including 5 PhDs and 10 postgraduates, with a total laboratory area exceeding 3,200 square meters. [&hellip;]\" \/>\n<meta property=\"og:url\" content=\"https:\/\/glorichemical.com\/es\/about\/\" \/>\n<meta property=\"og:site_name\" content=\"Pharmaceutical intermediates-Pesticide Intermediates-Cosmetics raw materials-Shandong Glori Chemical Co.,Ltd\" \/>\n<meta property=\"article:modified_time\" content=\"2024-12-01T11:24:47+00:00\" \/>\n<meta name=\"twitter:card\" content=\"summary_large_image\" \/>\n<meta name=\"twitter:label1\" content=\"Tiempo de lectura\" \/>\n\t<meta name=\"twitter:data1\" content=\"2 minutos\" \/>\n<script type=\"application\/ld+json\" class=\"yoast-schema-graph\">{\"@context\":\"https:\\\/\\\/schema.org\",\"@graph\":[{\"@type\":\"WebPage\",\"@id\":\"https:\\\/\\\/glorichemical.com\\\/es\\\/about\\\/\",\"url\":\"https:\\\/\\\/glorichemical.com\\\/es\\\/about\\\/\",\"name\":\"About Pharmaceutical intermediates-Pesticide Intermediates-Cosmetics raw materials-Shandong Glori Chemical Co.,Ltd\",\"isPartOf\":{\"@id\":\"https:\\\/\\\/glorichemical.com\\\/kk\\\/#website\"},\"datePublished\":\"2024-10-07T04:43:30+00:00\",\"dateModified\":\"2024-12-01T11:24:47+00:00\",\"breadcrumb\":{\"@id\":\"https:\\\/\\\/glorichemical.com\\\/es\\\/about\\\/#breadcrumb\"},\"inLanguage\":\"es\",\"potentialAction\":[{\"@type\":\"ReadAction\",\"target\":[\"https:\\\/\\\/glorichemical.com\\\/es\\\/about\\\/\"]}]},{\"@type\":\"BreadcrumbList\",\"@id\":\"https:\\\/\\\/glorichemical.com\\\/es\\\/about\\\/#breadcrumb\",\"itemListElement\":[{\"@type\":\"ListItem\",\"position\":1,\"name\":\"\u9996\u9875\",\"item\":\"https:\\\/\\\/glorichemical.com\\\/\"},{\"@type\":\"ListItem\",\"position\":2,\"name\":\"About\"}]},{\"@type\":\"WebSite\",\"@id\":\"https:\\\/\\\/glorichemical.com\\\/kk\\\/#website\",\"url\":\"https:\\\/\\\/glorichemical.com\\\/kk\\\/\",\"name\":\"Pharmaceutical intermediates-Pesticide Intermediates-Cosmetics raw materials-Shandong Glori Chemical Co.,Ltd\",\"description\":\"Shandong Glori Chemical Co., Ltd.\uff08glorichemical.com\uff09Pioneering Pharmaceutical Intermediates, Pesticide Intermediates, and Cosmetics Raw Materials. Your partner in innovation and quality with a dedicated team of over 30 experts in a 3,200 sqm lab.\",\"publisher\":{\"@id\":\"https:\\\/\\\/glorichemical.com\\\/kk\\\/#organization\"},\"alternateName\":\"glorichemical.com\",\"potentialAction\":[{\"@type\":\"SearchAction\",\"target\":{\"@type\":\"EntryPoint\",\"urlTemplate\":\"https:\\\/\\\/glorichemical.com\\\/kk\\\/?s={search_term_string}\"},\"query-input\":{\"@type\":\"PropertyValueSpecification\",\"valueRequired\":true,\"valueName\":\"search_term_string\"}}],\"inLanguage\":\"es\"},{\"@type\":\"Organization\",\"@id\":\"https:\\\/\\\/glorichemical.com\\\/kk\\\/#organization\",\"name\":\"Pharmaceutical intermediates-Pesticide Intermediates-Cosmetics raw materials-Shandong Glori Chemical Co.,Ltd\",\"url\":\"https:\\\/\\\/glorichemical.com\\\/kk\\\/\",\"logo\":{\"@type\":\"ImageObject\",\"inLanguage\":\"es\",\"@id\":\"https:\\\/\\\/glorichemical.com\\\/kk\\\/#\\\/schema\\\/logo\\\/image\\\/\",\"url\":\"https:\\\/\\\/glorichemical.com\\\/wp-content\\\/uploads\\\/2024\\\/10\\\/\u5fae\u4fe1\u56fe\u7247_20241009171531.png\",\"contentUrl\":\"https:\\\/\\\/glorichemical.com\\\/wp-content\\\/uploads\\\/2024\\\/10\\\/\u5fae\u4fe1\u56fe\u7247_20241009171531.png\",\"width\":3084,\"height\":1147,\"caption\":\"Pharmaceutical intermediates-Pesticide Intermediates-Cosmetics raw materials-Shandong Glori Chemical Co.,Ltd\"},\"image\":{\"@id\":\"https:\\\/\\\/glorichemical.com\\\/kk\\\/#\\\/schema\\\/logo\\\/image\\\/\"}}]}<\/script>\n<!-- \/ Yoast SEO Premium plugin. -->","yoast_head_json":{"title":"About Pharmaceutical intermediates-Pesticide Intermediates-Cosmetics raw materials-Shandong Glori Chemical Co.,Ltd","robots":{"index":"index","follow":"follow","max-snippet":"max-snippet:-1","max-image-preview":"max-image-preview:large","max-video-preview":"max-video-preview:-1"},"canonical":"https:\/\/glorichemical.com\/es\/about\/","og_locale":"es_ES","og_type":"article","og_title":"About","og_description":"ABOUT US Shaping the Future of Chemistry with Innovation and Excellence Company Profile Glori Chemical Co., Ltd. is a professional enterprise integrating R&amp;D, production, and sales of innovative chemical products. The company has a team of over 30 skilled professionals, including 5 PhDs and 10 postgraduates, with a total laboratory area exceeding 3,200 square meters. [&hellip;]","og_url":"https:\/\/glorichemical.com\/es\/about\/","og_site_name":"Pharmaceutical intermediates-Pesticide Intermediates-Cosmetics raw materials-Shandong Glori Chemical Co.,Ltd","article_modified_time":"2024-12-01T11:24:47+00:00","twitter_card":"summary_large_image","twitter_misc":{"Tiempo de lectura":"2 minutos"},"schema":{"@context":"https:\/\/schema.org","@graph":[{"@type":"WebPage","@id":"https:\/\/glorichemical.com\/es\/about\/","url":"https:\/\/glorichemical.com\/es\/about\/","name":"About Pharmaceutical intermediates-Pesticide Intermediates-Cosmetics raw materials-Shandong Glori Chemical Co.,Ltd","isPartOf":{"@id":"https:\/\/glorichemical.com\/kk\/#website"},"datePublished":"2024-10-07T04:43:30+00:00","dateModified":"2024-12-01T11:24:47+00:00","breadcrumb":{"@id":"https:\/\/glorichemical.com\/es\/about\/#breadcrumb"},"inLanguage":"es","potentialAction":[{"@type":"ReadAction","target":["https:\/\/glorichemical.com\/es\/about\/"]}]},{"@type":"BreadcrumbList","@id":"https:\/\/glorichemical.com\/es\/about\/#breadcrumb","itemListElement":[{"@type":"ListItem","position":1,"name":"\u9996\u9875","item":"https:\/\/glorichemical.com\/"},{"@type":"ListItem","position":2,"name":"About"}]},{"@type":"WebSite","@id":"https:\/\/glorichemical.com\/kk\/#website","url":"https:\/\/glorichemical.com\/kk\/","name":"Pharmaceutical intermediates-Pesticide Intermediates-Cosmetics raw materials-Shandong Glori Chemical Co.,Ltd","description":"Shandong Glori Chemical Co., Ltd.\uff08glorichemical.com\uff09Pioneering Pharmaceutical Intermediates, Pesticide Intermediates, and Cosmetics Raw Materials. Your partner in innovation and quality with a dedicated team of over 30 experts in a 3,200 sqm lab.","publisher":{"@id":"https:\/\/glorichemical.com\/kk\/#organization"},"alternateName":"glorichemical.com","potentialAction":[{"@type":"SearchAction","target":{"@type":"EntryPoint","urlTemplate":"https:\/\/glorichemical.com\/kk\/?s={search_term_string}"},"query-input":{"@type":"PropertyValueSpecification","valueRequired":true,"valueName":"search_term_string"}}],"inLanguage":"es"},{"@type":"Organization","@id":"https:\/\/glorichemical.com\/kk\/#organization","name":"Pharmaceutical intermediates-Pesticide Intermediates-Cosmetics raw materials-Shandong Glori Chemical Co.,Ltd","url":"https:\/\/glorichemical.com\/kk\/","logo":{"@type":"ImageObject","inLanguage":"es","@id":"https:\/\/glorichemical.com\/kk\/#\/schema\/logo\/image\/","url":"https:\/\/glorichemical.com\/wp-content\/uploads\/2024\/10\/\u5fae\u4fe1\u56fe\u7247_20241009171531.png","contentUrl":"https:\/\/glorichemical.com\/wp-content\/uploads\/2024\/10\/\u5fae\u4fe1\u56fe\u7247_20241009171531.png","width":3084,"height":1147,"caption":"Pharmaceutical intermediates-Pesticide Intermediates-Cosmetics raw materials-Shandong Glori Chemical Co.,Ltd"},"image":{"@id":"https:\/\/glorichemical.com\/kk\/#\/schema\/logo\/image\/"}}]}},"_links":{"self":[{"href":"https:\/\/glorichemical.com\/es\/wp-json\/wp\/v2\/pages\/18","targetHints":{"allow":["GET"]}}],"collection":[{"href":"https:\/\/glorichemical.com\/es\/wp-json\/wp\/v2\/pages"}],"about":[{"href":"https:\/\/glorichemical.com\/es\/wp-json\/wp\/v2\/types\/page"}],"author":[{"embeddable":true,"href":"https:\/\/glorichemical.com\/es\/wp-json\/wp\/v2\/users\/1"}],"replies":[{"embeddable":true,"href":"https:\/\/glorichemical.com\/es\/wp-json\/wp\/v2\/comments?post=18"}],"version-history":[{"count":30,"href":"https:\/\/glorichemical.com\/es\/wp-json\/wp\/v2\/pages\/18\/revisions"}],"predecessor-version":[{"id":3446,"href":"https:\/\/glorichemical.com\/es\/wp-json\/wp\/v2\/pages\/18\/revisions\/3446"}],"wp:attachment":[{"href":"https:\/\/glorichemical.com\/es\/wp-json\/wp\/v2\/media?parent=18"}],"curies":[{"name":"wp","href":"https:\/\/api.w.org\/{rel}","templated":true}]}}